{"id":694,"date":"2022-11-03T22:42:22","date_gmt":"2022-11-03T18:42:22","guid":{"rendered":"https:\/\/www.tamimiconsulting.com\/iletisim\/"},"modified":"2025-08-22T22:04:42","modified_gmt":"2025-08-22T18:04:42","slug":"iletisim","status":"publish","type":"page","link":"https:\/\/www.tamimiconsulting.com\/tr\/iletisim\/","title":{"rendered":"\u0130leti\u015fim"},"content":{"rendered":"\n\n<section class=\"mt-4 contact-page-content pr tamimi-circles-ii\">\n\t<div class=\"container\">\n\t\t<div class=\"row flex align-i-center\">\n\t\t\t<div class=\"cl-6\">\n\t\t\t\t<h4 class=\"mb-1 animation-element slide-left\">B\u0130ZE ULA\u015eIN <\/h4>\n\t\t\t\t<h1 class=\"mb-3 animation-element slide-left\">TAM\u0130M\u0130 DANI\u015eMANLIK MERKEZ OF\u0130S<\/h1>\n\t\t\t\t<div class=\"contact-inner\">\n\t\t\t\t\t<div class=\"address mb-1 animation-element slide-left\">\n\t\t\t\t\t\tOffice No: 2702, Reef Tower, Cluster O, Jumeirah <br \/>\r\nLakes Tower (JLT) P.O Box: 414095, Dubai, U.A.E. \t\t\t\t\t<\/div>\n\t\t\t\t\t<div class=\"email mb-1 animation-element slide-left\">\n\t\t\t\t\t\t<a href=\"mailto:operations@tamimiconsulting.com\">operations@tamimiconsulting.com<\/a>\n\t\t\t\t\t<\/div>\n\t\t\t\t\t<div class=\"phone animation-element slide-left\">\n\t\t\t\t\t\t+971 4 442 38 39\t\t\t\t\t<\/div>\n\t\t\t\t\t<div class=\"phone animation-element slide-left\">\n\t\t\t\t\t\t+971 50 4828052\t\t\t\t\t<\/div>\n\t\t\t\t\t<div class=\"phone animation-element slide-left\">\n\t\t\t\t\t\t+971 50 3034051\t\t\t\t\t<\/div>\n\t\t\t\t<\/div>\n\t\t\t\t<p class=\"m-0 mt-4 animation-element slide-left\">\n\t\t\t\t\t<a href=\"https:\/\/goo.gl\/maps\/VKKRVuqrpqrPH7Jy6\" class=\"button\">Yol Tarifi<\/a>\n\t\t\t\t<\/p>\n\t\t\t<\/div>\n\t\t\t<div class=\"cl-6 pr tamimi-shape-i\">\n\t\t\t\t<img decoding=\"async\" src=\"https:\/\/www.tamimiconsulting.com\/wp-content\/uploads\/2023\/08\/contact-gorsel.webp\" class=\"w-100 br-top-right-xl animation-element slide-right\" alt=\"\" \/>\n\t\t\t<\/div>\n\t\t<\/div>\n\t<\/div>\n<\/section>\n\n\n<script>\n    $(document).ready(function() {\n        function setEqualHeight(selector) {\n            var maxHeight = 0;\n            $(selector).each(function() {\n                var height = $(this).height();\n                if (height > maxHeight) {\n                    maxHeight = height;\n                }\n            });\n            $(selector).height(maxHeight);\n        }\n        setEqualHeight('.office-listing .address');\n    });\n<\/script>\n\n\n\n\n<section class=\"mt-7 tamimi-shape-iii tamimi-shape-ii contact-page-content pr circle-bg\">\n\t<div class=\"container\">\n\t\t\t\t<div class=\"row flex\">\n\t\t\t<div class=\"cl-12\">\n\t\t\t\t<h4 class=\"animation-element slide-left\">\u015eubelerimiz<\/h4>\n\t\t\t<\/div>\n\t\t<\/div>\n\t\t\t\t<div class=\"row flex mt-2 office-listing\">\n\t\t\t\t\t\t\t<div class=\"cl-4\">\n\t\t\t\t\t<div class=\"office-item animation-element slide-bottom\">\n\t\t\t\t\t\t<div class=\"post-image mb-1\">\n\t\t\t\t\t\t\t<img decoding=\"async\" src=\"https:\/\/www.tamimiconsulting.com\/wp-content\/uploads\/2022\/11\/MicrosoftTeams-image-5.jpg\" class=\"img-full br-top-right-lg\" alt=\"\" \/>\n\t\t\t\t\t\t<\/div>\n\t\t\t\t\t\t<div class=\"post-title mb-1\">\n\t\t\t\t\t\t\tAbu Dhabi\t\t\t\t\t\t<\/div>\n\t\t\t\t\t\t<div class=\"contact-inner\">\n\t\t\t\t\t\t\t<div class=\"address mb-1\">\n\t\t\t\t\t\t\t\tADGM, 24th floor AI Sila Tower,\r\nOffice No: 2427, P.O.Box: 111999 Al Maryah Island, Abu Dhabi, U.A.E.\r\n\t\t\t\t\t\t\t<\/div>\n\t\t\t\t\t\t<\/div>\n\t\t\t\t\t\t<div class=\"directions\">\n\t\t\t\t\t\t\t\t\t\t\t\t\t\t<a href=\"https:\/\/goo.gl\/maps\/sDnt1QtECxK315te7\" class=\"button\">Yol Tarifi<\/a>\n\t\t\t\t\t\t<\/div>\n\t\t\t\t\t<\/div>\n\t\t\t\t<\/div>\n\t\t\t\t\t\t\t<div class=\"cl-4\">\n\t\t\t\t\t<div class=\"office-item animation-element slide-bottom\">\n\t\t\t\t\t\t<div class=\"post-image mb-1\">\n\t\t\t\t\t\t\t<img decoding=\"async\" src=\"https:\/\/www.tamimiconsulting.com\/wp-content\/uploads\/2022\/11\/offices-sharjah.jpg\" class=\"img-full br-top-right-lg\" alt=\"\" \/>\n\t\t\t\t\t\t<\/div>\n\t\t\t\t\t\t<div class=\"post-title mb-1\">\n\t\t\t\t\t\t\tSharjah\t\t\t\t\t\t<\/div>\n\t\t\t\t\t\t<div class=\"contact-inner\">\n\t\t\t\t\t\t\t<div class=\"address mb-1\">\n\t\t\t\t\t\t\t\tSAIF Zone, Building No: Z3, Office No:56,\r\nP.O.Box: 121063, Sharjah, U.A.E.\t\t\t\t\t\t\t<\/div>\n\t\t\t\t\t\t<\/div>\n\t\t\t\t\t\t<div class=\"directions\">\n\t\t\t\t\t\t\t\t\t\t\t\t\t\t<a href=\"https:\/\/goo.gl\/maps\/xq3Q9ZC3yqu66Z56A\" class=\"button\">Yol Tarifi<\/a>\n\t\t\t\t\t\t<\/div>\n\t\t\t\t\t<\/div>\n\t\t\t\t<\/div>\n\t\t\t\t\t\t\t<div class=\"cl-4\">\n\t\t\t\t\t<div class=\"office-item animation-element slide-bottom\">\n\t\t\t\t\t\t<div class=\"post-image mb-1\">\n\t\t\t\t\t\t\t<img decoding=\"async\" src=\"https:\/\/www.tamimiconsulting.com\/wp-content\/uploads\/2022\/11\/offices-london.jpg\" class=\"img-full br-top-right-lg\" alt=\"\" \/>\n\t\t\t\t\t\t<\/div>\n\t\t\t\t\t\t<div class=\"post-title mb-1\">\n\t\t\t\t\t\t\tLondra\t\t\t\t\t\t<\/div>\n\t\t\t\t\t\t<div class=\"contact-inner\">\n\t\t\t\t\t\t\t<div class=\"address mb-1\">\n\t\t\t\t\t\t\t\tManfield House, 6 th Floor, 1 Southampton Street, London, England, WC2R 0LR\t\t\t\t\t\t\t<\/div>\n\t\t\t\t\t\t<\/div>\n\t\t\t\t\t\t<div class=\"directions\">\n\t\t\t\t\t\t\t\t\t\t\t\t\t\t<a href=\"https:\/\/goo.gl\/maps\/YLTxbHCjkK8RZtQz9\" class=\"button\">Yol Tarifi<\/a>\n\t\t\t\t\t\t<\/div>\n\t\t\t\t\t<\/div>\n\t\t\t\t<\/div>\n\t\t\t\t\t\t\t<div class=\"cl-4\">\n\t\t\t\t\t<div class=\"office-item animation-element slide-bottom\">\n\t\t\t\t\t\t<div class=\"post-image mb-1\">\n\t\t\t\t\t\t\t<img decoding=\"async\" src=\"https:\/\/www.tamimiconsulting.com\/wp-content\/uploads\/2023\/07\/MicrosoftTeams-image-6.jpg\" class=\"img-full br-top-right-lg\" alt=\"\" \/>\n\t\t\t\t\t\t<\/div>\n\t\t\t\t\t\t<div class=\"post-title mb-1\">\n\t\t\t\t\t\t\t\u0130stanbul\t\t\t\t\t\t<\/div>\n\t\t\t\t\t\t<div class=\"contact-inner\">\n\t\t\t\t\t\t\t<div class=\"address mb-1\">\n\t\t\t\t\t\t\t\tUniq B2 Blok No:4, Kat:5 \r\nOfis No: 531, P.O. Box: 34396, \r\nSar\u0131yer, \u0130stanbul, T\u00fcrkiye\t\t\t\t\t\t\t<\/div>\n\t\t\t\t\t\t<\/div>\n\t\t\t\t\t\t<div class=\"directions\">\n\t\t\t\t\t\t\t\t\t\t\t\t\t\t<a href=\"https:\/\/goo.gl\/maps\/ct1RpeiBZvfor2v57\" class=\"button\">Yol Tarifi<\/a>\n\t\t\t\t\t\t<\/div>\n\t\t\t\t\t<\/div>\n\t\t\t\t<\/div>\n\t\t\t\t\t<\/div>\n\t<\/div>\n<\/section>\n\n\n\n\n<section class=\"contact-form-bg mt-7\" style=\"background-image: url(https:\/\/www.tamimiconsulting.com\/wp-content\/uploads\/2022\/11\/contact-form-bg.jpg);\" id=\"contact-form\">\n\t<div class=\"container\">\n\t\t<div class=\"row flex\">\n\t\t\t<div class=\"cl-6\">\n\t\t\t\t \n\t\t\t<\/div>\n\t\t\t<div class=\"cl-5 mt-5 mb-5\">\n\t\t\t\t\t\t\t\t<h4 class=\"mt-0 mb-1 animation-element slide-right\">Bize Ula\u015f\u0131n<\/h4>\n\t\t\t\t\t\t\t\t\t\t\t\t<h2 class=\"mt-0 mb-1 animation-element slide-right\">Size nas\u0131l yard\u0131mc\u0131 olabiliriz? <\/h2>\n\t\t\t\t\t\t\t\t\t\t\t\t<p>Detayl\u0131 bilgi i\u00e7in bizimle ileti\u015fime ge\u00e7iniz<\/p>\n\t\t\t\t\t\t\t\t<div class=\"form-wrapper animation-element slide-right\">\n\t\t\t\t\t\n<div class=\"wpcf7 no-js\" id=\"wpcf7-f845-o1\" lang=\"tr-TR\" dir=\"ltr\">\n<div class=\"screen-reader-response\"><p role=\"status\" aria-live=\"polite\" aria-atomic=\"true\"><\/p> <ul><\/ul><\/div>\n<form action=\"\/tr\/wp-json\/wp\/v2\/pages\/694#wpcf7-f845-o1\" method=\"post\" class=\"wpcf7-form init\" aria-label=\"Contact form\" novalidate=\"novalidate\" data-status=\"init\">\n<div style=\"display: none;\">\n<input type=\"hidden\" name=\"_wpcf7\" value=\"845\" \/>\n<input type=\"hidden\" name=\"_wpcf7_version\" value=\"5.9.3\" \/>\n<input type=\"hidden\" name=\"_wpcf7_locale\" value=\"tr_TR\" \/>\n<input type=\"hidden\" name=\"_wpcf7_unit_tag\" value=\"wpcf7-f845-o1\" \/>\n<input type=\"hidden\" name=\"_wpcf7_container_post\" value=\"0\" \/>\n<input type=\"hidden\" name=\"_wpcf7_posted_data_hash\" value=\"\" \/>\n<input type=\"hidden\" name=\"_wpcf7_recaptcha_response\" value=\"\" \/>\n<\/div>\n<div class=\"contact-form-row\">\n\t<p><label><span class=\"wpcf7-form-control-wrap\" data-name=\"your-name\"><input size=\"40\" class=\"wpcf7-form-control wpcf7-text wpcf7-validates-as-required form-element shadow-md\" aria-required=\"true\" aria-invalid=\"false\" placeholder=\"Ad\u0131n\u0131z Soyad\u0131n\u0131z\" value=\"\" type=\"text\" name=\"your-name\" \/><\/span><\/label>\n\t<\/p>\n<\/div>\n<div class=\"contact-form-row\">\n\t<p><label><span class=\"wpcf7-form-control-wrap\" data-name=\"your-phone\"><input size=\"40\" class=\"wpcf7-form-control wpcf7-phonetext wpcf7-text wpcf7-validates-as-phonetext form-element shadow-md\" aria-invalid=\"false\" value=\"\" type=\"text\" name=\"your-phone\" \/><input type=\"hidden\" name=\"your-phone-country-code\" class=\"wpcf7-phonetext-country-code\" \/><\/span><\/label>\n\t<\/p>\n<\/div>\n<div class=\"contact-form-row\">\n\t<p><label><span class=\"wpcf7-form-control-wrap\" data-name=\"your-email\"><input size=\"40\" class=\"wpcf7-form-control wpcf7-email wpcf7-validates-as-required wpcf7-text wpcf7-validates-as-email form-element shadow-md\" aria-required=\"true\" aria-invalid=\"false\" placeholder=\"\u015eirket Mail adresiniz\" value=\"\" type=\"email\" name=\"your-email\" \/><\/span><\/label>\n\t<\/p>\n<\/div>\n<div class=\"contact-form-row\">\n\t<p><label><span class=\"wpcf7-form-control-wrap\" data-name=\"your-message\"><textarea cols=\"40\" rows=\"10\" class=\"wpcf7-form-control wpcf7-textarea form-element shadow-md\" aria-invalid=\"false\" placeholder=\"Mesaj\u0131n\u0131z\" name=\"your-message\"><\/textarea><\/span><\/label>\n\t<\/p>\n<\/div>\n<div class=\"contact-form-row form-acceptence mb-2\">\n\t<p><span class=\"wpcf7-form-control-wrap\" data-name=\"acceptance-578\"><span class=\"wpcf7-form-control wpcf7-acceptance optional\"><span class=\"wpcf7-list-item\"><label><input type=\"checkbox\" name=\"acceptance-578\" value=\"1\" aria-invalid=\"false\" \/><span class=\"wpcf7-list-item-label\">KVKK ayd\u0131nlatma metnini okudum ve kabul ediyorum.<\/span><\/label><\/span><\/span><\/span>\n\t<\/p>\n<\/div>\n<div class=\"contact-form-row form-acceptence mb-2\">\n<\/div>\n<div class=\"contact-form-row\">\n\t<p><input class=\"wpcf7-form-control wpcf7-submit has-spinner button\" type=\"submit\" value=\"G\u00f6nder\" \/>\n\t<\/p>\n<\/div><div class=\"wpcf7-response-output\" aria-hidden=\"true\"><\/div>\n<\/form>\n<\/div>\n\t\t\t\t<\/div>\n\t\t\t<\/div>\n\t\t<\/div>\n\t<\/div>\n<\/section>\n\n","protected":false},"excerpt":{"rendered":"<p>&#8230;<\/p>\n","protected":false},"author":6,"featured_media":0,"parent":0,"menu_order":0,"comment_status":"closed","ping_status":"closed","template":"","meta":{"footnotes":""},"class_list":["post-694","page","type-page","status-publish","hentry"],"aioseo_notices":[],"_links":{"self":[{"href":"https:\/\/www.tamimiconsulting.com\/tr\/wp-json\/wp\/v2\/pages\/694","targetHints":{"allow":["GET"]}}],"collection":[{"href":"https:\/\/www.tamimiconsulting.com\/tr\/wp-json\/wp\/v2\/pages"}],"about":[{"href":"https:\/\/www.tamimiconsulting.com\/tr\/wp-json\/wp\/v2\/types\/page"}],"author":[{"embeddable":true,"href":"https:\/\/www.tamimiconsulting.com\/tr\/wp-json\/wp\/v2\/users\/6"}],"replies":[{"embeddable":true,"href":"https:\/\/www.tamimiconsulting.com\/tr\/wp-json\/wp\/v2\/comments?post=694"}],"version-history":[{"count":21,"href":"https:\/\/www.tamimiconsulting.com\/tr\/wp-json\/wp\/v2\/pages\/694\/revisions"}],"predecessor-version":[{"id":1413,"href":"https:\/\/www.tamimiconsulting.com\/tr\/wp-json\/wp\/v2\/pages\/694\/revisions\/1413"}],"wp:attachment":[{"href":"https:\/\/www.tamimiconsulting.com\/tr\/wp-json\/wp\/v2\/media?parent=694"}],"curies":[{"name":"wp","href":"https:\/\/api.w.org\/{rel}","templated":true}]}}