{"id":828,"date":"2022-11-03T22:42:06","date_gmt":"2022-11-03T22:42:06","guid":{"rendered":"https:\/\/www.tamimiconsulting.com\/bizden-haberler\/"},"modified":"2023-07-07T02:54:47","modified_gmt":"2023-07-07T02:54:47","slug":"bizden-haberler","status":"publish","type":"page","link":"https:\/\/www.tamimiconsulting.com\/tr\/bizden-haberler\/","title":{"rendered":"Bizden Haberler"},"content":{"rendered":"\n\n<section class=\"mt-4\">\n\t<div class=\"container\">\n\t\t\t\t<div class=\"row flex pr news-block-title tamimi-circles-ii\">\n\t\t\t<div class=\"cl-12\">\n\t\t\t\t<h4 class=\"animation-element slide-left\">Bizden Haberler<\/h4>\n\t\t\t<\/div>\n\t\t<\/div>\n\t\t\t\t<div class=\"row flex flex-wrap mt-3 pr news-list-wrapper tamimi-shape-iv tamimi-shape-i\">\n\t\t\t\t\t\t\t\t\t\t\t\t<div class=\"cl-3\">\n\t\t\t\t\t\t<div class=\"news-item mb-5 animation-element slide-bottom\">\n\t\t\t\t\t\t\t<div class=\"post-image mb-1\">\n\t\t\t\t\t\t\t\t<a href=\"https:\/\/www.tamimiconsulting.com\/tr\/dmccnin-yeni-spv-ve-holding-sirketi-lisanslariyla-tamimi-consulting-musterilerine-dubaide-yatirim-esnekligi-ve-buyume-alaninda-gelistirilmis-cozumler-sunacak\/\"><img decoding=\"async\" src=\"https:\/\/www.tamimiconsulting.com\/wp-content\/uploads\/2025\/05\/Uptown-Stock-Image.webp\" class=\"img-full\" alt=\"\" \/><\/a>\n\t\t\t\t\t\t\t<\/div>\n\t\t\t\t\t\t\t<div class=\"post-date\">\n\t\t\t\t\t\t\t\tMay\u0131s 13, 2025\t\t\t\t\t\t\t<\/div>\n\t\t\t\t\t\t\t<div class=\"post-title\">\n\t\t\t\t\t\t\t\tDMCC\u2019nin yeni SPV ve Holding \u015eirketi lisanslar\u0131yla, Tamimi Consulting m\u00fc\u015fterilerine Dubai\u2019de yat\u0131r\u0131m esnekli\u011fi ve b\u00fcy\u00fcme alan\u0131nda geli\u015ftirilmi\u015f \u00e7\u00f6z\u00fcmler sunacak.\t\t\t\t\t\t\t<\/div>\n\t\t\t\t\t\t\t<div class=\"more mt-1\">\n\t\t\t\t\t\t\t\t\t\t\t\t\t\t\t\t<a href=\"https:\/\/www.tamimiconsulting.com\/tr\/dmccnin-yeni-spv-ve-holding-sirketi-lisanslariyla-tamimi-consulting-musterilerine-dubaide-yatirim-esnekligi-ve-buyume-alaninda-gelistirilmis-cozumler-sunacak\/\" class=\"button\">Devam\u0131n\u0131 Oku<\/a>\n\t\t\t\t\t\t\t<\/div>\n\t\t\t\t\t\t<\/div>\n\t\t\t\t\t<\/div>\n\t\t\t\t\t\t\t\t\t<div class=\"cl-3\">\n\t\t\t\t\t\t<div class=\"news-item mb-5 animation-element slide-bottom\">\n\t\t\t\t\t\t\t<div class=\"post-image mb-1\">\n\t\t\t\t\t\t\t\t<a href=\"https:\/\/www.tamimiconsulting.com\/tr\/ticaret-anlasmasinin-ardindan-baede-daha-fazla-turk-sirketi-acildi\/\"><img decoding=\"async\" src=\"https:\/\/www.tamimiconsulting.com\/wp-content\/uploads\/2025\/04\/DMCC-free-zone_low_res-scaled-cover.jpg\" class=\"img-full\" alt=\"\" \/><\/a>\n\t\t\t\t\t\t\t<\/div>\n\t\t\t\t\t\t\t<div class=\"post-date\">\n\t\t\t\t\t\t\t\tNisan 7, 2025\t\t\t\t\t\t\t<\/div>\n\t\t\t\t\t\t\t<div class=\"post-title\">\n\t\t\t\t\t\t\t\tTicaret anla\u015fmas\u0131n\u0131n ard\u0131ndan BAE&#8217;de daha fazla T\u00fcrk \u015firketi a\u00e7\u0131ld\u0131\t\t\t\t\t\t\t<\/div>\n\t\t\t\t\t\t\t<div class=\"more mt-1\">\n\t\t\t\t\t\t\t\t\t\t\t\t\t\t\t\t<a href=\"https:\/\/www.tamimiconsulting.com\/tr\/ticaret-anlasmasinin-ardindan-baede-daha-fazla-turk-sirketi-acildi\/\" class=\"button\">Devam\u0131n\u0131 Oku<\/a>\n\t\t\t\t\t\t\t<\/div>\n\t\t\t\t\t\t<\/div>\n\t\t\t\t\t<\/div>\n\t\t\t\t\t\t\t\t\t<div class=\"cl-3\">\n\t\t\t\t\t\t<div class=\"news-item mb-5 animation-element slide-bottom\">\n\t\t\t\t\t\t\t<div class=\"post-image mb-1\">\n\t\t\t\t\t\t\t\t<a href=\"https:\/\/www.tamimiconsulting.com\/tr\/dmcc-reports-11-growth-in-turkish-companies\/\"><img decoding=\"async\" src=\"https:\/\/www.tamimiconsulting.com\/wp-content\/uploads\/2025\/04\/cover.jpg\" class=\"img-full\" alt=\"\" \/><\/a>\n\t\t\t\t\t\t\t<\/div>\n\t\t\t\t\t\t\t<div class=\"post-date\">\n\t\t\t\t\t\t\t\tNisan 7, 2025\t\t\t\t\t\t\t<\/div>\n\t\t\t\t\t\t\t<div class=\"post-title\">\n\t\t\t\t\t\t\t\tDMCC, T\u00fcrk \u015firketlerinde y\u00fczde 11 b\u00fcy\u00fcme bildirdi\t\t\t\t\t\t\t<\/div>\n\t\t\t\t\t\t\t<div class=\"more mt-1\">\n\t\t\t\t\t\t\t\t\t\t\t\t\t\t\t\t<a href=\"https:\/\/www.tamimiconsulting.com\/tr\/dmcc-reports-11-growth-in-turkish-companies\/\" class=\"button\">Devam\u0131n\u0131 Oku<\/a>\n\t\t\t\t\t\t\t<\/div>\n\t\t\t\t\t\t<\/div>\n\t\t\t\t\t<\/div>\n\t\t\t\t\t\t\t\t\t<div class=\"cl-3\">\n\t\t\t\t\t\t<div class=\"news-item mb-5 animation-element slide-bottom\">\n\t\t\t\t\t\t\t<div class=\"post-image mb-1\">\n\t\t\t\t\t\t\t\t<a href=\"https:\/\/www.tamimiconsulting.com\/tr\/2022-consultants-awards-exclusive-edition\/\"><img decoding=\"async\" src=\"https:\/\/www.tamimiconsulting.com\/wp-content\/uploads\/2022\/11\/post_2.jpg\" class=\"img-full\" alt=\"\" \/><\/a>\n\t\t\t\t\t\t\t<\/div>\n\t\t\t\t\t\t\t<div class=\"post-date\">\n\t\t\t\t\t\t\t\tKas\u0131m 8, 2022\t\t\t\t\t\t\t<\/div>\n\t\t\t\t\t\t\t<div class=\"post-title\">\n\t\t\t\t\t\t\t\t2022 Consultants Awards Exclusive Edition\t\t\t\t\t\t\t<\/div>\n\t\t\t\t\t\t\t<div class=\"more mt-1\">\n\t\t\t\t\t\t\t\t\t\t\t\t\t\t\t\t<a href=\"https:\/\/www.tamimiconsulting.com\/tr\/2022-consultants-awards-exclusive-edition\/\" class=\"button\">Devam\u0131n\u0131 Oku<\/a>\n\t\t\t\t\t\t\t<\/div>\n\t\t\t\t\t\t<\/div>\n\t\t\t\t\t<\/div>\n\t\t\t\t\t\t\t\t\t<div class=\"cl-3\">\n\t\t\t\t\t\t<div class=\"news-item mb-5 animation-element slide-bottom\">\n\t\t\t\t\t\t\t<div class=\"post-image mb-1\">\n\t\t\t\t\t\t\t\t<a href=\"https:\/\/www.tamimiconsulting.com\/tr\/top-performing-consulting-company-in-uae\/\"><img decoding=\"async\" src=\"https:\/\/www.tamimiconsulting.com\/wp-content\/uploads\/2022\/11\/tamimi-odul.png\" class=\"img-full\" alt=\"\" \/><\/a>\n\t\t\t\t\t\t\t<\/div>\n\t\t\t\t\t\t\t<div class=\"post-date\">\n\t\t\t\t\t\t\t\tKas\u0131m 9, 2021\t\t\t\t\t\t\t<\/div>\n\t\t\t\t\t\t\t<div class=\"post-title\">\n\t\t\t\t\t\t\t\tTop Performing Consulting Company in UAE\t\t\t\t\t\t\t<\/div>\n\t\t\t\t\t\t\t<div class=\"more mt-1\">\n\t\t\t\t\t\t\t\t\t\t\t\t\t\t\t\t<a href=\"https:\/\/www.tamimiconsulting.com\/tr\/top-performing-consulting-company-in-uae\/\" class=\"button\">Devam\u0131n\u0131 Oku<\/a>\n\t\t\t\t\t\t\t<\/div>\n\t\t\t\t\t\t<\/div>\n\t\t\t\t\t<\/div>\n\t\t\t\t\t\t<\/div>\n\t\t\t<\/div>\n<\/section>\n","protected":false},"excerpt":{"rendered":"<p>&#8230;<\/p>\n","protected":false},"author":6,"featured_media":0,"parent":0,"menu_order":0,"comment_status":"closed","ping_status":"closed","template":"","meta":{"footnotes":""},"class_list":["post-828","page","type-page","status-publish","hentry"],"aioseo_notices":[],"_links":{"self":[{"href":"https:\/\/www.tamimiconsulting.com\/tr\/wp-json\/wp\/v2\/pages\/828","targetHints":{"allow":["GET"]}}],"collection":[{"href":"https:\/\/www.tamimiconsulting.com\/tr\/wp-json\/wp\/v2\/pages"}],"about":[{"href":"https:\/\/www.tamimiconsulting.com\/tr\/wp-json\/wp\/v2\/types\/page"}],"author":[{"embeddable":true,"href":"https:\/\/www.tamimiconsulting.com\/tr\/wp-json\/wp\/v2\/users\/6"}],"replies":[{"embeddable":true,"href":"https:\/\/www.tamimiconsulting.com\/tr\/wp-json\/wp\/v2\/comments?post=828"}],"version-history":[{"count":3,"href":"https:\/\/www.tamimiconsulting.com\/tr\/wp-json\/wp\/v2\/pages\/828\/revisions"}],"predecessor-version":[{"id":834,"href":"https:\/\/www.tamimiconsulting.com\/tr\/wp-json\/wp\/v2\/pages\/828\/revisions\/834"}],"wp:attachment":[{"href":"https:\/\/www.tamimiconsulting.com\/tr\/wp-json\/wp\/v2\/media?parent=828"}],"curies":[{"name":"wp","href":"https:\/\/api.w.org\/{rel}","templated":true}]}}